{"id":10395,"date":"2021-06-01T11:39:36","date_gmt":"2021-06-01T04:39:36","guid":{"rendered":"https:\/\/fastquality.daisyweb.dev\/lien-he\/"},"modified":"2022-03-30T14:16:10","modified_gmt":"2022-03-30T07:16:10","slug":"lien-he","status":"publish","type":"page","link":"https:\/\/fasqua.vn\/vi\/lien-he\/","title":{"rendered":"Li\u00ean h\u1ec7"},"content":{"rendered":"<p>[vc_row][vc_column width=&#8221;1\/3&#8243;][vc_empty_space]<div role=\"form\" class=\"wpcf7\" id=\"wpcf7-f10589-o1\" lang=\"en-US\" dir=\"ltr\">\n<div class=\"screen-reader-response\"><p role=\"status\" aria-live=\"polite\" aria-atomic=\"true\"><\/p> <ul><\/ul><\/div>\n<form action=\"\/vi\/wp-json\/wp\/v2\/pages\/10395#wpcf7-f10589-o1\" method=\"post\" class=\"wpcf7-form init\" novalidate=\"novalidate\" data-status=\"init\">\n<div style=\"display: none;\">\n<input type=\"hidden\" name=\"_wpcf7\" value=\"10589\" \/>\n<input type=\"hidden\" name=\"_wpcf7_version\" value=\"5.5.6\" \/>\n<input type=\"hidden\" name=\"_wpcf7_locale\" value=\"en_US\" \/>\n<input type=\"hidden\" name=\"_wpcf7_unit_tag\" value=\"wpcf7-f10589-o1\" \/>\n<input type=\"hidden\" name=\"_wpcf7_container_post\" value=\"0\" \/>\n<input type=\"hidden\" name=\"_wpcf7_posted_data_hash\" value=\"\" \/>\n<\/div>\n<p><label> <span style=\"color: #191919\">Full name*<\/span><br \/>\n    <span class=\"wpcf7-form-control-wrap your-name\"><input type=\"text\" name=\"your-name\" value=\"\" size=\"40\" class=\"wpcf7-form-control wpcf7-text wpcf7-validates-as-required\" aria-required=\"true\" aria-invalid=\"false\" \/><\/span> <\/label><\/p>\n<p><label> <span style=\"color: #191919\">Email *<\/span><br \/>\n    <span class=\"wpcf7-form-control-wrap your-email\"><input type=\"email\" name=\"your-email\" value=\"\" size=\"40\" class=\"wpcf7-form-control wpcf7-text wpcf7-email wpcf7-validates-as-required wpcf7-validates-as-email\" aria-required=\"true\" aria-invalid=\"false\" \/><\/span> <\/label><\/p>\n<p><label> <span style=\"color: #191919\">Title <\/span><br \/>\n    <span class=\"wpcf7-form-control-wrap your-subject\"><input type=\"text\" name=\"your-subject\" value=\"\" size=\"40\" class=\"wpcf7-form-control wpcf7-text\" aria-invalid=\"false\" \/><\/span> <\/label><\/p>\n<p><label> <span style=\"color: #191919\">Message<\/span><br \/>\n    <span class=\"wpcf7-form-control-wrap your-message\"><textarea name=\"your-message\" cols=\"40\" rows=\"10\" class=\"wpcf7-form-control wpcf7-textarea\" aria-invalid=\"false\"><\/textarea><\/span> <\/label><\/p>\n<p><input type=\"submit\" value=\"Send\" class=\"wpcf7-form-control has-spinner wpcf7-submit\" \/><\/p>\n<div class=\"wpcf7-response-output\" aria-hidden=\"true\"><\/div><\/form><\/div>[\/vc_column][vc_column width=&#8221;2\/3&#8243; css=&#8221;.vc_custom_1572257023982{background-color: #ffffff !important;}&#8221;][vc_column_text css=&#8221;.vc_custom_1648624557499{margin-bottom: 15px !important;}&#8221;]<strong>Tr\u1ee5 s\u1edf ch\u00ednh:<\/strong> 6G\/25 Tr\u1ea7n N\u00e3o, Khu ph\u1ed1 3, Ph\u01b0\u1eddng B\u00ecnh An, Qu\u1eadn 2, TP.H\u1ed3 Ch\u00ed Minh.<\/p>\n<p><strong>Chi nh\u00e1nh 1:<\/strong> 102C Nguy\u1ec5n V\u0103n C\u1eeb, Ph\u01b0\u1eddng Nguy\u1ec5n C\u01b0 Trinh, Qu\u1eadn 1, TP.H\u1ed3 Ch\u00ed Minh.<\/p>\n<p><strong>Chi nh\u00e1nh 2<\/strong>: 1607 T\u1ec9nh l\u1ed9 15, \u1ea5p An H\u00f2a, x\u00e3 An Ph\u00fa, huy\u1ec7n C\u1ee7 Chi, TP.HCM<\/p>\n<p><strong>Li\u00ean h\u1ec7:<\/strong>\u00a0028 6270 5639 (8h00 &#8211; 17h00) &#8211; <strong>Hotline:<\/strong> 094 565 9779<\/p>\n<p><strong>Email:<\/strong> <a href=\"mailto:support@fasqua.vn\">support@fasqua.vn<\/a>[\/vc_column_text][vc_gmaps link=&#8221;#E-8_JTNDaWZyYW1lJTIwc3JjJTNEJTIyaHR0cHMlM0ElMkYlMkZ3d3cuZ29vZ2xlLmNvbSUyRm1hcHMlMkZlbWJlZCUzRnBiJTNEJTIxMW0xNCUyMTFtOCUyMTFtMyUyMTFkMTU2NzYuNzUxMDEyMDgzMjEyJTIxMmQxMDYuNzMxNDcyMiUyMTNkMTAuNzk2OTI3NiUyMTNtMiUyMTFpMTAyNCUyMTJpNzY4JTIxNGYxMy4xJTIxM20zJTIxMW0yJTIxMXMweDAlMjUzQTB4MWRiZDc0N2ZmNjg3Y2MyOCUyMTJzQyUyNUMzJTI1OTRORyUyNTIwVFklMjUyMFROSEglMjUyMEZBU1QlMjUyMFFVQUxJVFklMjE1ZTAlMjEzbTIlMjExc3ZpJTIxMnMlMjE0djE1ODA3ODQyMjQ3OTklMjE1bTIlMjExc3ZpJTIxMnMlMjIlMjB3aWR0aCUzRCUyMjYwMCUyMiUyMGhlaWdodCUzRCUyMjQwMCUyMiUyMGZyYW1lYm9yZGVyJTNEJTIyMCUyMiUyMHN0eWxlJTNEJTIyYm9yZGVyJTNBMCUzQiUyMiUyMGFsbG93ZnVsbHNjcmVlbiUzRCUyMiUyMiUzRSUzQyUyRmlmcmFtZSUzRQ==&#8221; css=&#8221;.vc_custom_1580784562450{padding-top: 20px !important;}&#8221;][\/vc_column][\/vc_row][vc_row css=&#8221;.vc_custom_1572334109682{padding-top: 100px !important;padding-bottom: -80px !important;}&#8221;][vc_column width=&#8221;1\/2&#8243;][vc_single_image image=&#8221;10583&#8243; img_size=&#8221;300&#215;350&#8243; alignment=&#8221;center&#8221; css=&#8221;.vc_custom_1623210542386{border-radius: 35px !important;}&#8221;][vc_column_text]<\/p>\n<h4 style=\"text-align: center;\">Ms Thu Trang<\/h4>\n<p style=\"text-align: center;\">Chuy\u00ean vi\u00ean t\u01b0 v\u1ea5n<\/p>\n<p style=\"text-align: center;\"><strong>\u0110i\u1ec7n tho\u1ea1i: <a href=\"tel:02862705639\">028 6270 5639<\/a><\/strong><\/p>\n<p style=\"text-align: center;\"><strong>Email:<\/strong> <a href=\"mailto:hotro@fasqua.vn\">hotro@fasqua.vn<\/a><\/p>\n<p>[\/vc_column_text][\/vc_column][vc_column width=&#8221;1\/2&#8243;][vc_single_image image=&#8221;10581&#8243; img_size=&#8221;300&#215;350&#8243; alignment=&#8221;center&#8221; css=&#8221;.vc_custom_1623210554829{border-radius: 35px !important;}&#8221;][vc_column_text]<\/p>\n<h4 style=\"text-align: center;\">Ms Thu T\u00e2m<\/h4>\n<p style=\"text-align: center;\">Chuy\u00ean vi\u00ean t\u01b0 v\u1ea5n<\/p>\n<p style=\"text-align: center;\"><strong>\u0110i\u1ec7n tho\u1ea1i: <a href=\"tel:0379533309\">037 9533309<\/a><\/strong><\/p>\n<p style=\"text-align: center;\"><strong>Email:<\/strong> <a href=\"mailto:support@fasqua.vn\">support@fasqua.vn<\/a><\/p>\n<p>[\/vc_column_text][\/vc_column][\/vc_row]<\/p>\n","protected":false},"excerpt":{"rendered":"<p>[vc_row][vc_column width=&#8221;1\/3&#8243;][vc_empty_space][\/vc_column][vc_column width=&#8221;2\/3&#8243; css=&#8221;.vc_custom_1572257023982{background-color: #ffffff !important;}&#8221;][vc_column_text css=&#8221;.vc_custom_1648624557499{margin-bottom: 15px !important;}&#8221;]Tr\u1ee5 s\u1edf ch\u00ednh: 6G\/25 Tr\u1ea7n N\u00e3o, Khu ph\u1ed1 3, Ph\u01b0\u1eddng B\u00ecnh An, Qu\u1eadn 2, TP.H\u1ed3 Ch\u00ed Minh&#8230;.<\/p>\n","protected":false},"author":1,"featured_media":0,"parent":0,"menu_order":0,"comment_status":"closed","ping_status":"closed","template":"","meta":[],"yst_prominent_words":[223,217,215,109,209,224,218],"_links":{"self":[{"href":"https:\/\/fasqua.vn\/vi\/wp-json\/wp\/v2\/pages\/10395"}],"collection":[{"href":"https:\/\/fasqua.vn\/vi\/wp-json\/wp\/v2\/pages"}],"about":[{"href":"https:\/\/fasqua.vn\/vi\/wp-json\/wp\/v2\/types\/page"}],"author":[{"embeddable":true,"href":"https:\/\/fasqua.vn\/vi\/wp-json\/wp\/v2\/users\/1"}],"replies":[{"embeddable":true,"href":"https:\/\/fasqua.vn\/vi\/wp-json\/wp\/v2\/comments?post=10395"}],"version-history":[{"count":1,"href":"https:\/\/fasqua.vn\/vi\/wp-json\/wp\/v2\/pages\/10395\/revisions"}],"predecessor-version":[{"id":11065,"href":"https:\/\/fasqua.vn\/vi\/wp-json\/wp\/v2\/pages\/10395\/revisions\/11065"}],"wp:attachment":[{"href":"https:\/\/fasqua.vn\/vi\/wp-json\/wp\/v2\/media?parent=10395"}],"wp:term":[{"taxonomy":"yst_prominent_words","embeddable":true,"href":"https:\/\/fasqua.vn\/vi\/wp-json\/wp\/v2\/yst_prominent_words?post=10395"}],"curies":[{"name":"wp","href":"https:\/\/api.w.org\/{rel}","templated":true}]}}